{"id":1389,"date":"2023-11-30T07:57:50","date_gmt":"2023-11-30T07:57:50","guid":{"rendered":"https:\/\/www.tanovinum.com\/gastgeber-geschichte\/"},"modified":"2024-02-23T11:44:20","modified_gmt":"2024-02-23T11:44:20","slug":"gastgeber-geschichte","status":"publish","type":"page","link":"https:\/\/www.tanovinum.com\/it\/gastgeber-geschichte\/","title":{"rendered":"Tanovinum \u2013 appartamenti vacanze a Chiusa \/ Alto Adige"},"content":{"rendered":"\t\t<div data-elementor-type=\"wp-page\" data-elementor-id=\"1389\" class=\"elementor elementor-1389 elementor-396\" data-elementor-post-type=\"page\">\n\t\t\t\t\t\t\t<div class=\"elementor-element elementor-element-c55f7d1 e-con-full e-flex e-con e-parent\" data-id=\"c55f7d1\" data-element_type=\"container\" data-settings=\"{&quot;content_width&quot;:&quot;full&quot;,&quot;background_background&quot;:&quot;slideshow&quot;,&quot;background_slideshow_gallery&quot;:[{&quot;id&quot;:77,&quot;url&quot;:&quot;https:\\\/\\\/www.tanovinum.com\\\/wp-content\\\/uploads\\\/2023\\\/11\\\/villander-00222-scaled.jpg&quot;}],&quot;container_type&quot;:&quot;flex&quot;,&quot;background_slideshow_loop&quot;:&quot;yes&quot;,&quot;background_slideshow_slide_duration&quot;:5000,&quot;background_slideshow_slide_transition&quot;:&quot;fade&quot;,&quot;background_slideshow_transition_duration&quot;:500}\" data-core-v316-plus=\"true\">\n\t\t\t\t<\/div>\n\t\t<section class=\"elementor-element elementor-element-861dfac e-con-full c-wrapper e-flex e-con e-parent\" data-id=\"861dfac\" data-element_type=\"container\" data-settings=\"{&quot;content_width&quot;:&quot;full&quot;,&quot;container_type&quot;:&quot;flex&quot;}\" data-core-v316-plus=\"true\">\n\t\t<div class=\"elementor-element elementor-element-b937963 e-con-full c-inner e-flex e-con e-child\" data-id=\"b937963\" data-element_type=\"container\" data-settings=\"{&quot;content_width&quot;:&quot;full&quot;,&quot;container_type&quot;:&quot;flex&quot;}\">\n\t\t<div class=\"elementor-element elementor-element-7283456 e-con-full w-80 e-flex e-con e-child\" data-id=\"7283456\" data-element_type=\"container\" data-settings=\"{&quot;content_width&quot;:&quot;full&quot;,&quot;container_type&quot;:&quot;flex&quot;}\">\n\t\t\t\t<div class=\"elementor-element elementor-element-05bf478 elementor-widget elementor-widget-heading\" data-id=\"05bf478\" data-element_type=\"widget\" data-widget_type=\"heading.default\">\n\t\t\t\t<div class=\"elementor-widget-container\">\n\t\t\t<style>\/*! elementor - v3.17.0 - 08-11-2023 *\/\n.elementor-heading-title{padding:0;margin:0;line-height:1}.elementor-widget-heading .elementor-heading-title[class*=elementor-size-]>a{color:inherit;font-size:inherit;line-height:inherit}.elementor-widget-heading .elementor-heading-title.elementor-size-small{font-size:15px}.elementor-widget-heading .elementor-heading-title.elementor-size-medium{font-size:19px}.elementor-widget-heading .elementor-heading-title.elementor-size-large{font-size:29px}.elementor-widget-heading .elementor-heading-title.elementor-size-xl{font-size:39px}.elementor-widget-heading .elementor-heading-title.elementor-size-xxl{font-size:59px}<\/style><h1 class=\"elementor-heading-title elementor-size-default\">Passione e tradizione <\/h1>\t\t<\/div>\n\t\t\t\t<\/div>\n\t\t\t\t<div class=\"elementor-element elementor-element-3961566 elementor-widget elementor-widget-heading\" data-id=\"3961566\" data-element_type=\"widget\" data-widget_type=\"heading.default\">\n\t\t\t\t<div class=\"elementor-widget-container\">\n\t\t\t<h2 class=\"elementor-heading-title elementor-size-default\">Un\u2019atmosfera famigliare e una lunga storia alle spalle <\/h2>\t\t<\/div>\n\t\t\t\t<\/div>\n\t\t\t\t<\/div>\n\t\t<div class=\"elementor-element elementor-element-b9d4bec relativ e-flex e-con-boxed e-con e-child\" data-id=\"b9d4bec\" data-element_type=\"container\" data-settings=\"{&quot;background_background&quot;:&quot;slideshow&quot;,&quot;background_slideshow_lazyload&quot;:&quot;yes&quot;,&quot;container_type&quot;:&quot;flex&quot;,&quot;content_width&quot;:&quot;boxed&quot;,&quot;background_slideshow_gallery&quot;:[],&quot;background_slideshow_loop&quot;:&quot;yes&quot;,&quot;background_slideshow_slide_duration&quot;:5000,&quot;background_slideshow_slide_transition&quot;:&quot;fade&quot;,&quot;background_slideshow_transition_duration&quot;:500}\">\n\t\t\t\t\t<div class=\"e-con-inner\">\n\t\t\t\t<div class=\"elementor-element elementor-element-ad51ff3 elementor-widget elementor-widget-heading\" data-id=\"ad51ff3\" data-element_type=\"widget\" data-widget_type=\"heading.default\">\n\t\t\t\t<div class=\"elementor-widget-container\">\n\t\t\t<h3 class=\"elementor-heading-title elementor-size-default\">Questi siamo noi <\/h3>\t\t<\/div>\n\t\t\t\t<\/div>\n\t\t\t\t<div class=\"elementor-element elementor-element-a317028 elementor-widget elementor-widget-text-editor\" data-id=\"a317028\" data-element_type=\"widget\" data-widget_type=\"text-editor.default\">\n\t\t\t\t<div class=\"elementor-widget-container\">\n\t\t\t<style>\/*! elementor - v3.17.0 - 08-11-2023 *\/\n.elementor-widget-text-editor.elementor-drop-cap-view-stacked .elementor-drop-cap{background-color:#69727d;color:#fff}.elementor-widget-text-editor.elementor-drop-cap-view-framed .elementor-drop-cap{color:#69727d;border:3px solid;background-color:transparent}.elementor-widget-text-editor:not(.elementor-drop-cap-view-default) .elementor-drop-cap{margin-top:8px}.elementor-widget-text-editor:not(.elementor-drop-cap-view-default) .elementor-drop-cap-letter{width:1em;height:1em}.elementor-widget-text-editor .elementor-drop-cap{float:left;text-align:center;line-height:1;font-size:50px}.elementor-widget-text-editor .elementor-drop-cap-letter{display:inline-block}<\/style>\t\t\t\t<p>Ciao, noi siamo Harald, Luis, Maria e Anna. Dal 2002 il nostro maso con tenuta vinicola \u00e8 diventato anche un agriturismo. Harald \u00e8 un abile cuoco e tuttofare: si prende cura dei vigneti, del maso, della malga, dei suoi figli e degli ospiti. Da quando sua moglie Barbara \u00e8 purtroppo venuta a mancare nel 2022, \u00e8 lui ad occuparsi di tutto. Lo fa con amore, dedizione e&#8230; ottimi risultati! \u00c8 sempre a disposizione degli ospiti, pronto ad ascoltare ed esaudire i loro desideri e a offrire consigli e dritte utili. Ti aspettiamo!<\/p>\n\t\t\t\t\t\t<\/div>\n\t\t\t\t<\/div>\n\t\t\t\t<div class=\"elementor-element elementor-element-b7b5ebc elementor-hidden-desktop elementor-hidden-tablet elementor-hidden-mobile elementor-widget elementor-widget-image\" data-id=\"b7b5ebc\" data-element_type=\"widget\" data-widget_type=\"image.default\">\n\t\t\t\t<div class=\"elementor-widget-container\">\n\t\t\t<style>\/*! elementor - v3.17.0 - 08-11-2023 *\/\n.elementor-widget-image{text-align:center}.elementor-widget-image a{display:inline-block}.elementor-widget-image a img[src$=\".svg\"]{width:48px}.elementor-widget-image img{vertical-align:middle;display:inline-block}<\/style>\t\t\t\t\t\t\t\t\t\t\t\t<img fetchpriority=\"high\" decoding=\"async\" width=\"2198\" height=\"1463\" src=\"https:\/\/www.tanovinum.com\/wp-content\/uploads\/2023\/11\/PAC5406-ret.jpg\" class=\"attachment-full size-full wp-image-399\" alt=\"\" srcset=\"https:\/\/www.tanovinum.com\/wp-content\/uploads\/2023\/11\/PAC5406-ret.jpg 2198w, https:\/\/www.tanovinum.com\/wp-content\/uploads\/2023\/11\/PAC5406-ret-300x200.jpg 300w, https:\/\/www.tanovinum.com\/wp-content\/uploads\/2023\/11\/PAC5406-ret-1024x682.jpg 1024w, https:\/\/www.tanovinum.com\/wp-content\/uploads\/2023\/11\/PAC5406-ret-768x511.jpg 768w, https:\/\/www.tanovinum.com\/wp-content\/uploads\/2023\/11\/PAC5406-ret-1536x1022.jpg 1536w, https:\/\/www.tanovinum.com\/wp-content\/uploads\/2023\/11\/PAC5406-ret-2048x1363.jpg 2048w\" sizes=\"(max-width: 2198px) 100vw, 2198px\" \/>\t\t\t\t\t\t\t\t\t\t\t\t\t\t\t<\/div>\n\t\t\t\t<\/div>\n\t\t\t\t\t<\/div>\n\t\t\t\t<\/div>\n\t\t\t\t<\/div>\n\t\t\t\t<\/section>\n\t\t<section class=\"elementor-element elementor-element-5963349 e-con-full c-wrapper sportlich e-flex e-con e-parent\" data-id=\"5963349\" data-element_type=\"container\" data-settings=\"{&quot;content_width&quot;:&quot;full&quot;,&quot;background_background&quot;:&quot;classic&quot;,&quot;container_type&quot;:&quot;flex&quot;}\" data-e-bg-lazyload=\"\" data-core-v316-plus=\"true\">\n\t\t<div class=\"elementor-element elementor-element-75c3d22 e-con-full c-inner e-flex e-con e-child\" data-id=\"75c3d22\" data-element_type=\"container\" data-settings=\"{&quot;content_width&quot;:&quot;full&quot;,&quot;container_type&quot;:&quot;flex&quot;}\">\n\t\t<div class=\"elementor-element elementor-element-f1ca53b e-con-full w-80 e-flex e-con e-child\" data-id=\"f1ca53b\" data-element_type=\"container\" data-settings=\"{&quot;content_width&quot;:&quot;full&quot;,&quot;container_type&quot;:&quot;flex&quot;}\">\n\t\t\t\t<div class=\"elementor-element elementor-element-d17f00a elementor-widget elementor-widget-heading\" data-id=\"d17f00a\" data-element_type=\"widget\" data-widget_type=\"heading.default\">\n\t\t\t\t<div class=\"elementor-widget-container\">\n\t\t\t<h2 class=\"elementor-heading-title elementor-size-default\">Un maso dalla lunga storia <\/h2>\t\t<\/div>\n\t\t\t\t<\/div>\n\t\t\t\t<div class=\"elementor-element elementor-element-68e47a4 elementor-widget elementor-widget-text-editor\" data-id=\"68e47a4\" data-element_type=\"widget\" data-widget_type=\"text-editor.default\">\n\t\t\t\t<div class=\"elementor-widget-container\">\n\t\t\t\t\t\t\t<p>Originariamente chiamato \u201cTanetsch\u201d, questo luogo viene menzionato nei documenti storici gi\u00e0 a partire dal XIV secolo. Il nome deriva dal termine\u00a0 \u201cFuntanacea\u201d, che significa grossomodo \u201cfontana con acqua buona e terreno fertile\u201d. La presenza di un maso agricolo in localit\u00e0 Tan\u00f6tsch \u00e8 attestata sin dal 1380. Molti secoli dopo, per la precisione nel 1977, la nostra famiglia ha deciso di aprire accanto al maso la pensione Tan\u00f6tscherhof, in seguito rilevata da Harald e da sua moglie Babsi. Nel 2023 la pensione si \u00e8 evoluta in Tanovinum, con moderni appartamenti vacanze.<\/p>\n\t\t\t\t\t\t<\/div>\n\t\t\t\t<\/div>\n\t\t\t\t<\/div>\n\t\t\t\t<\/div>\n\t\t\t\t<\/section>\n\t\t\t\t\t\t\t<\/div>\n\t\t","protected":false},"excerpt":{"rendered":"<p>Passione e tradizione Un\u2019atmosfera famigliare e una lunga storia alle spalle Questi siamo noi Ciao, noi siamo Harald, Luis, Maria e Anna. Dal 2002 il nostro maso con tenuta vinicola \u00e8 diventato anche un agriturismo. Harald \u00e8 un abile cuoco e tuttofare: si prende cura dei vigneti, del maso, della malga, dei suoi figli e [&hellip;]<\/p>\n","protected":false},"author":1,"featured_media":0,"parent":0,"menu_order":0,"comment_status":"closed","ping_status":"closed","template":"","meta":{"footnotes":""},"yoast_head":"<!-- This site is optimized with the Yoast SEO plugin v21.5 - https:\/\/yoast.com\/wordpress\/plugins\/seo\/ -->\n<title>Tanovinum \u2013 appartamenti vacanze a Chiusa \/ Alto Adige<\/title>\n<meta name=\"description\" content=\"Tanovinum \u00e8 la tua casa vacanze nel cuore dell\u2019Alto Adige: confortevoli appartamenti dall\u2019atmosfera famigliare con piscina, sauna e colazione. Ti aspettiamo!\" \/>\n<meta name=\"robots\" content=\"index, follow, max-snippet:-1, max-image-preview:large, max-video-preview:-1\" \/>\n<link rel=\"canonical\" href=\"https:\/\/www.tanovinum.com\/it\/gastgeber-geschichte\/\" \/>\n<meta property=\"og:locale\" content=\"it_IT\" \/>\n<meta property=\"og:type\" content=\"article\" \/>\n<meta property=\"og:title\" content=\"Tanovinum \u2013 appartamenti vacanze a Chiusa \/ Alto Adige\" \/>\n<meta property=\"og:description\" content=\"Tanovinum \u00e8 la tua casa vacanze nel cuore dell\u2019Alto Adige: confortevoli appartamenti dall\u2019atmosfera famigliare con piscina, sauna e colazione. Ti aspettiamo!\" \/>\n<meta property=\"og:url\" content=\"https:\/\/www.tanovinum.com\/it\/gastgeber-geschichte\/\" \/>\n<meta property=\"og:site_name\" content=\"Tan\u00f6tscherhof\" \/>\n<meta property=\"article:modified_time\" content=\"2024-02-23T11:44:20+00:00\" \/>\n<meta property=\"og:image\" content=\"https:\/\/www.tanovinum.com\/wp-content\/uploads\/2023\/11\/PAC5406-ret.jpg\" \/>\n<meta name=\"twitter:card\" content=\"summary_large_image\" \/>\n<meta name=\"twitter:label1\" content=\"Tempo di lettura stimato\" \/>\n\t<meta name=\"twitter:data1\" content=\"2 minuti\" \/>\n<script type=\"application\/ld+json\" class=\"yoast-schema-graph\">{\"@context\":\"https:\/\/schema.org\",\"@graph\":[{\"@type\":\"WebPage\",\"@id\":\"https:\/\/www.tanovinum.com\/it\/gastgeber-geschichte\/\",\"url\":\"https:\/\/www.tanovinum.com\/it\/gastgeber-geschichte\/\",\"name\":\"Tanovinum \u2013 appartamenti vacanze a Chiusa \/ Alto Adige\",\"isPartOf\":{\"@id\":\"https:\/\/www.tanovinum.com\/it\/#website\"},\"datePublished\":\"2023-11-30T07:57:50+00:00\",\"dateModified\":\"2024-02-23T11:44:20+00:00\",\"description\":\"Tanovinum \u00e8 la tua casa vacanze nel cuore dell\u2019Alto Adige: confortevoli appartamenti dall\u2019atmosfera famigliare con piscina, sauna e colazione. Ti aspettiamo!\",\"breadcrumb\":{\"@id\":\"https:\/\/www.tanovinum.com\/it\/gastgeber-geschichte\/#breadcrumb\"},\"inLanguage\":\"it-IT\",\"potentialAction\":[{\"@type\":\"ReadAction\",\"target\":[\"https:\/\/www.tanovinum.com\/it\/gastgeber-geschichte\/\"]}]},{\"@type\":\"BreadcrumbList\",\"@id\":\"https:\/\/www.tanovinum.com\/it\/gastgeber-geschichte\/#breadcrumb\",\"itemListElement\":[{\"@type\":\"ListItem\",\"position\":1,\"name\":\"Startseite\",\"item\":\"https:\/\/www.tanovinum.com\/it\/\"},{\"@type\":\"ListItem\",\"position\":2,\"name\":\"Tanovinum \u2013 appartamenti vacanze a Chiusa \/ Alto Adige\"}]},{\"@type\":\"WebSite\",\"@id\":\"https:\/\/www.tanovinum.com\/it\/#website\",\"url\":\"https:\/\/www.tanovinum.com\/it\/\",\"name\":\"Tan\u00f6tscherhof\",\"description\":\"\",\"publisher\":{\"@id\":\"https:\/\/www.tanovinum.com\/it\/#organization\"},\"potentialAction\":[{\"@type\":\"SearchAction\",\"target\":{\"@type\":\"EntryPoint\",\"urlTemplate\":\"https:\/\/www.tanovinum.com\/it\/?s={search_term_string}\"},\"query-input\":\"required name=search_term_string\"}],\"inLanguage\":\"it-IT\"},{\"@type\":\"Organization\",\"@id\":\"https:\/\/www.tanovinum.com\/it\/#organization\",\"name\":\"Tan\u00f6tscherhof\",\"url\":\"https:\/\/www.tanovinum.com\/it\/\",\"logo\":{\"@type\":\"ImageObject\",\"inLanguage\":\"it-IT\",\"@id\":\"https:\/\/www.tanovinum.com\/it\/#\/schema\/logo\/image\/\",\"url\":\"https:\/\/www.tanovinum.com\/wp-content\/uploads\/2023\/11\/Gruppe-35.svg\",\"contentUrl\":\"https:\/\/www.tanovinum.com\/wp-content\/uploads\/2023\/11\/Gruppe-35.svg\",\"width\":396,\"height\":272,\"caption\":\"Tan\u00f6tscherhof\"},\"image\":{\"@id\":\"https:\/\/www.tanovinum.com\/it\/#\/schema\/logo\/image\/\"}}]}<\/script>\n<!-- \/ Yoast SEO plugin. -->","yoast_head_json":{"title":"Tanovinum \u2013 appartamenti vacanze a Chiusa \/ Alto Adige","description":"Tanovinum \u00e8 la tua casa vacanze nel cuore dell\u2019Alto Adige: confortevoli appartamenti dall\u2019atmosfera famigliare con piscina, sauna e colazione. Ti aspettiamo!","robots":{"index":"index","follow":"follow","max-snippet":"max-snippet:-1","max-image-preview":"max-image-preview:large","max-video-preview":"max-video-preview:-1"},"canonical":"https:\/\/www.tanovinum.com\/it\/gastgeber-geschichte\/","og_locale":"it_IT","og_type":"article","og_title":"Tanovinum \u2013 appartamenti vacanze a Chiusa \/ Alto Adige","og_description":"Tanovinum \u00e8 la tua casa vacanze nel cuore dell\u2019Alto Adige: confortevoli appartamenti dall\u2019atmosfera famigliare con piscina, sauna e colazione. Ti aspettiamo!","og_url":"https:\/\/www.tanovinum.com\/it\/gastgeber-geschichte\/","og_site_name":"Tan\u00f6tscherhof","article_modified_time":"2024-02-23T11:44:20+00:00","og_image":[{"url":"https:\/\/www.tanovinum.com\/wp-content\/uploads\/2023\/11\/PAC5406-ret.jpg"}],"twitter_card":"summary_large_image","twitter_misc":{"Tempo di lettura stimato":"2 minuti"},"schema":{"@context":"https:\/\/schema.org","@graph":[{"@type":"WebPage","@id":"https:\/\/www.tanovinum.com\/it\/gastgeber-geschichte\/","url":"https:\/\/www.tanovinum.com\/it\/gastgeber-geschichte\/","name":"Tanovinum \u2013 appartamenti vacanze a Chiusa \/ Alto Adige","isPartOf":{"@id":"https:\/\/www.tanovinum.com\/it\/#website"},"datePublished":"2023-11-30T07:57:50+00:00","dateModified":"2024-02-23T11:44:20+00:00","description":"Tanovinum \u00e8 la tua casa vacanze nel cuore dell\u2019Alto Adige: confortevoli appartamenti dall\u2019atmosfera famigliare con piscina, sauna e colazione. Ti aspettiamo!","breadcrumb":{"@id":"https:\/\/www.tanovinum.com\/it\/gastgeber-geschichte\/#breadcrumb"},"inLanguage":"it-IT","potentialAction":[{"@type":"ReadAction","target":["https:\/\/www.tanovinum.com\/it\/gastgeber-geschichte\/"]}]},{"@type":"BreadcrumbList","@id":"https:\/\/www.tanovinum.com\/it\/gastgeber-geschichte\/#breadcrumb","itemListElement":[{"@type":"ListItem","position":1,"name":"Startseite","item":"https:\/\/www.tanovinum.com\/it\/"},{"@type":"ListItem","position":2,"name":"Tanovinum \u2013 appartamenti vacanze a Chiusa \/ Alto Adige"}]},{"@type":"WebSite","@id":"https:\/\/www.tanovinum.com\/it\/#website","url":"https:\/\/www.tanovinum.com\/it\/","name":"Tan\u00f6tscherhof","description":"","publisher":{"@id":"https:\/\/www.tanovinum.com\/it\/#organization"},"potentialAction":[{"@type":"SearchAction","target":{"@type":"EntryPoint","urlTemplate":"https:\/\/www.tanovinum.com\/it\/?s={search_term_string}"},"query-input":"required name=search_term_string"}],"inLanguage":"it-IT"},{"@type":"Organization","@id":"https:\/\/www.tanovinum.com\/it\/#organization","name":"Tan\u00f6tscherhof","url":"https:\/\/www.tanovinum.com\/it\/","logo":{"@type":"ImageObject","inLanguage":"it-IT","@id":"https:\/\/www.tanovinum.com\/it\/#\/schema\/logo\/image\/","url":"https:\/\/www.tanovinum.com\/wp-content\/uploads\/2023\/11\/Gruppe-35.svg","contentUrl":"https:\/\/www.tanovinum.com\/wp-content\/uploads\/2023\/11\/Gruppe-35.svg","width":396,"height":272,"caption":"Tan\u00f6tscherhof"},"image":{"@id":"https:\/\/www.tanovinum.com\/it\/#\/schema\/logo\/image\/"}}]}},"_links":{"self":[{"href":"https:\/\/www.tanovinum.com\/it\/wp-json\/wp\/v2\/pages\/1389"}],"collection":[{"href":"https:\/\/www.tanovinum.com\/it\/wp-json\/wp\/v2\/pages"}],"about":[{"href":"https:\/\/www.tanovinum.com\/it\/wp-json\/wp\/v2\/types\/page"}],"author":[{"embeddable":true,"href":"https:\/\/www.tanovinum.com\/it\/wp-json\/wp\/v2\/users\/1"}],"replies":[{"embeddable":true,"href":"https:\/\/www.tanovinum.com\/it\/wp-json\/wp\/v2\/comments?post=1389"}],"version-history":[{"count":7,"href":"https:\/\/www.tanovinum.com\/it\/wp-json\/wp\/v2\/pages\/1389\/revisions"}],"predecessor-version":[{"id":2081,"href":"https:\/\/www.tanovinum.com\/it\/wp-json\/wp\/v2\/pages\/1389\/revisions\/2081"}],"wp:attachment":[{"href":"https:\/\/www.tanovinum.com\/it\/wp-json\/wp\/v2\/media?parent=1389"}],"curies":[{"name":"wp","href":"https:\/\/api.w.org\/{rel}","templated":true}]}}