{"id":1387,"date":"2023-11-30T08:19:23","date_gmt":"2023-11-30T08:19:23","guid":{"rendered":"https:\/\/www.tanovinum.com\/nachhaltigkeit\/"},"modified":"2023-12-17T21:34:33","modified_gmt":"2023-12-17T21:34:33","slug":"nachhaltigkeit","status":"publish","type":"page","link":"https:\/\/www.tanovinum.com\/it\/nachhaltigkeit\/","title":{"rendered":"Appartamenti vacanze in Valle Isarco > Tanovinum, Chiusa"},"content":{"rendered":"\t\t<div data-elementor-type=\"wp-page\" data-elementor-id=\"1387\" class=\"elementor elementor-1387 elementor-404\" data-elementor-post-type=\"page\">\n\t\t\t\t\t\t\t<div class=\"elementor-element elementor-element-c55f7d1 e-con-full e-flex e-con e-parent\" data-id=\"c55f7d1\" data-element_type=\"container\" data-settings=\"{&quot;content_width&quot;:&quot;full&quot;,&quot;background_background&quot;:&quot;classic&quot;,&quot;container_type&quot;:&quot;flex&quot;}\" data-e-bg-lazyload=\"\" data-core-v316-plus=\"true\">\n\t\t\t\t<\/div>\n\t\t<section class=\"elementor-element elementor-element-861dfac e-con-full c-wrapper e-flex e-con e-parent\" data-id=\"861dfac\" data-element_type=\"container\" data-settings=\"{&quot;content_width&quot;:&quot;full&quot;,&quot;container_type&quot;:&quot;flex&quot;}\" data-core-v316-plus=\"true\">\n\t\t<div class=\"elementor-element elementor-element-b937963 e-con-full c-inner e-flex e-con e-child\" data-id=\"b937963\" data-element_type=\"container\" data-settings=\"{&quot;content_width&quot;:&quot;full&quot;,&quot;container_type&quot;:&quot;flex&quot;}\">\n\t\t<div class=\"elementor-element elementor-element-7283456 e-con-full w-80 e-flex e-con e-child\" data-id=\"7283456\" data-element_type=\"container\" data-settings=\"{&quot;content_width&quot;:&quot;full&quot;,&quot;container_type&quot;:&quot;flex&quot;}\">\n\t\t\t\t<div class=\"elementor-element elementor-element-05bf478 elementor-widget elementor-widget-heading\" data-id=\"05bf478\" data-element_type=\"widget\" data-widget_type=\"heading.default\">\n\t\t\t\t<div class=\"elementor-widget-container\">\n\t\t\t<style>\/*! elementor - v3.17.0 - 08-11-2023 *\/\n.elementor-heading-title{padding:0;margin:0;line-height:1}.elementor-widget-heading .elementor-heading-title[class*=elementor-size-]>a{color:inherit;font-size:inherit;line-height:inherit}.elementor-widget-heading .elementor-heading-title.elementor-size-small{font-size:15px}.elementor-widget-heading .elementor-heading-title.elementor-size-medium{font-size:19px}.elementor-widget-heading .elementor-heading-title.elementor-size-large{font-size:29px}.elementor-widget-heading .elementor-heading-title.elementor-size-xl{font-size:39px}.elementor-widget-heading .elementor-heading-title.elementor-size-xxl{font-size:59px}<\/style><h1 class=\"elementor-heading-title elementor-size-default\">La vacanza che fa bene sia a te che all\u2019ambiente <\/h1>\t\t<\/div>\n\t\t\t\t<\/div>\n\t\t\t\t<div class=\"elementor-element elementor-element-3961566 elementor-widget elementor-widget-heading\" data-id=\"3961566\" data-element_type=\"widget\" data-widget_type=\"heading.default\">\n\t\t\t\t<div class=\"elementor-widget-container\">\n\t\t\t<h2 class=\"elementor-heading-title elementor-size-default\">Un\u2019esperienza sostenibile alla nostra tenuta vinicola in Valle Isarco <\/h2>\t\t<\/div>\n\t\t\t\t<\/div>\n\t\t\t\t<div class=\"elementor-element elementor-element-5b92cb7 elementor-widget elementor-widget-text-editor\" data-id=\"5b92cb7\" data-element_type=\"widget\" data-widget_type=\"text-editor.default\">\n\t\t\t\t<div class=\"elementor-widget-container\">\n\t\t\t<style>\/*! elementor - v3.17.0 - 08-11-2023 *\/\n.elementor-widget-text-editor.elementor-drop-cap-view-stacked .elementor-drop-cap{background-color:#69727d;color:#fff}.elementor-widget-text-editor.elementor-drop-cap-view-framed .elementor-drop-cap{color:#69727d;border:3px solid;background-color:transparent}.elementor-widget-text-editor:not(.elementor-drop-cap-view-default) .elementor-drop-cap{margin-top:8px}.elementor-widget-text-editor:not(.elementor-drop-cap-view-default) .elementor-drop-cap-letter{width:1em;height:1em}.elementor-widget-text-editor .elementor-drop-cap{float:left;text-align:center;line-height:1;font-size:50px}.elementor-widget-text-editor .elementor-drop-cap-letter{display:inline-block}<\/style>\t\t\t\t<p>Essendo agricoltori, abbiamo un rapporto molto stretto con la natura che ci circonda e desideriamo fare la nostra parte per tutelare l\u2019ambiente e il clima. Ecco perch\u00e9 al nostro maso facciamo molta attenzione alla sostenibilit\u00e0 in ogni ambito. E siamo felici se anche gli ospiti decidono di darci una mano a proteggere la natura.<\/p>\n\t\t\t\t\t\t<\/div>\n\t\t\t\t<\/div>\n\t\t\t\t<\/div>\n\t\t\t\t<\/div>\n\t\t\t\t<\/section>\n\t\t<section class=\"elementor-element elementor-element-176a991 e-con-full c-wrapper t-0  w-100 e-flex e-con e-parent\" data-id=\"176a991\" data-element_type=\"container\" data-settings=\"{&quot;content_width&quot;:&quot;full&quot;,&quot;background_background&quot;:&quot;classic&quot;,&quot;container_type&quot;:&quot;flex&quot;}\" data-core-v316-plus=\"true\">\n\t\t<div class=\"elementor-element elementor-element-16e6ae3 e-con-full c-inner w-100 e-flex e-con e-child\" data-id=\"16e6ae3\" data-element_type=\"container\" data-settings=\"{&quot;content_width&quot;:&quot;full&quot;,&quot;container_type&quot;:&quot;flex&quot;}\">\n\t\t\t\t<div class=\"elementor-element elementor-element-c2ab832 elementor-widget elementor-widget-image\" data-id=\"c2ab832\" data-element_type=\"widget\" data-widget_type=\"image.default\">\n\t\t\t\t<div class=\"elementor-widget-container\">\n\t\t\t<style>\/*! elementor - v3.17.0 - 08-11-2023 *\/\n.elementor-widget-image{text-align:center}.elementor-widget-image a{display:inline-block}.elementor-widget-image a img[src$=\".svg\"]{width:48px}.elementor-widget-image img{vertical-align:middle;display:inline-block}<\/style>\t\t\t\t\t\t\t\t\t\t\t\t<img fetchpriority=\"high\" decoding=\"async\" width=\"800\" height=\"532\" src=\"https:\/\/www.tanovinum.com\/wp-content\/uploads\/2023\/11\/iStock-1247794854_klein-1024x681.jpg\" class=\"attachment-large size-large wp-image-411\" alt=\"\" srcset=\"https:\/\/www.tanovinum.com\/wp-content\/uploads\/2023\/11\/iStock-1247794854_klein-1024x681.jpg 1024w, https:\/\/www.tanovinum.com\/wp-content\/uploads\/2023\/11\/iStock-1247794854_klein-300x200.jpg 300w, https:\/\/www.tanovinum.com\/wp-content\/uploads\/2023\/11\/iStock-1247794854_klein-768x511.jpg 768w, https:\/\/www.tanovinum.com\/wp-content\/uploads\/2023\/11\/iStock-1247794854_klein-1536x1022.jpg 1536w, https:\/\/www.tanovinum.com\/wp-content\/uploads\/2023\/11\/iStock-1247794854_klein-2048x1363.jpg 2048w\" sizes=\"(max-width: 800px) 100vw, 800px\" \/>\t\t\t\t\t\t\t\t\t\t\t\t\t\t\t<\/div>\n\t\t\t\t<\/div>\n\t\t<div class=\"elementor-element elementor-element-3852287 e-con-full w-30 e-flex e-con e-child\" data-id=\"3852287\" data-element_type=\"container\" data-settings=\"{&quot;content_width&quot;:&quot;full&quot;,&quot;container_type&quot;:&quot;flex&quot;}\">\n\t\t\t\t<div class=\"elementor-element elementor-element-dda10fe elementor-widget elementor-widget-heading\" data-id=\"dda10fe\" data-element_type=\"widget\" data-widget_type=\"heading.default\">\n\t\t\t\t<div class=\"elementor-widget-container\">\n\t\t\t<h1 class=\"elementor-heading-title elementor-size-default\">Per un consumo consapevole <\/h1>\t\t<\/div>\n\t\t\t\t<\/div>\n\t\t\t\t<div class=\"elementor-element elementor-element-519333c elementor-widget elementor-widget-text-editor\" data-id=\"519333c\" data-element_type=\"widget\" data-widget_type=\"text-editor.default\">\n\t\t\t\t<div class=\"elementor-widget-container\">\n\t\t\t\t\t\t\t<p>L\u2019energia? Ce la fornisce il sole: grazie agli impianti fotovoltaici, siamo in grado di produrre autonomamente l\u2019elettricit\u00e0 che ci serve.<\/p>\n\t\t\t\t\t\t<\/div>\n\t\t\t\t<\/div>\n\t\t\t\t<\/div>\n\t\t\t\t<\/div>\n\t\t<div class=\"elementor-element elementor-element-d95f3c2 e-con-full c-inner w-80 e-flex e-con e-child\" data-id=\"d95f3c2\" data-element_type=\"container\" data-settings=\"{&quot;content_width&quot;:&quot;full&quot;,&quot;container_type&quot;:&quot;flex&quot;}\">\n\t\t\t\t<div class=\"elementor-element elementor-element-79a853f elementor-widget elementor-widget-image\" data-id=\"79a853f\" data-element_type=\"widget\" data-widget_type=\"image.default\">\n\t\t\t\t<div class=\"elementor-widget-container\">\n\t\t\t\t\t\t\t\t\t\t\t\t\t\t\t<img decoding=\"async\" width=\"800\" height=\"533\" src=\"https:\/\/www.tanovinum.com\/wp-content\/uploads\/2023\/11\/hacker1.jpg\" class=\"attachment-large size-large wp-image-406\" alt=\"\" srcset=\"https:\/\/www.tanovinum.com\/wp-content\/uploads\/2023\/11\/hacker1.jpg 900w, https:\/\/www.tanovinum.com\/wp-content\/uploads\/2023\/11\/hacker1-300x200.jpg 300w, https:\/\/www.tanovinum.com\/wp-content\/uploads\/2023\/11\/hacker1-768x512.jpg 768w\" sizes=\"(max-width: 800px) 100vw, 800px\" \/>\t\t\t\t\t\t\t\t\t\t\t\t\t\t\t<\/div>\n\t\t\t\t<\/div>\n\t\t<div class=\"elementor-element elementor-element-fa91deb e-con-full w-40 e-flex e-con e-child\" data-id=\"fa91deb\" data-element_type=\"container\" data-settings=\"{&quot;content_width&quot;:&quot;full&quot;,&quot;container_type&quot;:&quot;flex&quot;}\">\n\t\t\t\t<div class=\"elementor-element elementor-element-b1d0261 elementor-widget elementor-widget-text-editor\" data-id=\"b1d0261\" data-element_type=\"widget\" data-widget_type=\"text-editor.default\">\n\t\t\t\t<div class=\"elementor-widget-container\">\n\t\t\t\t\t\t\t<p>Per il riscaldamento usiamo invece un impianto a cippato, che alimentiamo in gran parte con il legname dei dintorni derivante dalle operazioni di silvicoltura.<\/p>\n\t\t\t\t\t\t<\/div>\n\t\t\t\t<\/div>\n\t\t\t\t<\/div>\n\t\t\t\t<\/div>\n\t\t<div class=\"elementor-element elementor-element-57b1be3 e-con-full c-inner w-80 e-flex e-con e-child\" data-id=\"57b1be3\" data-element_type=\"container\" data-settings=\"{&quot;content_width&quot;:&quot;full&quot;,&quot;container_type&quot;:&quot;flex&quot;}\">\n\t\t\t\t<div class=\"elementor-element elementor-element-1520046 elementor-widget elementor-widget-image\" data-id=\"1520046\" data-element_type=\"widget\" data-widget_type=\"image.default\">\n\t\t\t\t<div class=\"elementor-widget-container\">\n\t\t\t\t\t\t\t\t\t\t\t\t\t\t\t<img decoding=\"async\" width=\"800\" height=\"533\" src=\"https:\/\/www.tanovinum.com\/wp-content\/uploads\/2023\/11\/IDM-Cobe-34-\u00a9ArminHuber_HQ-0964.jpg\" class=\"attachment-large size-large wp-image-408\" alt=\"\" srcset=\"https:\/\/www.tanovinum.com\/wp-content\/uploads\/2023\/11\/IDM-Cobe-34-\u00a9ArminHuber_HQ-0964.jpg 900w, https:\/\/www.tanovinum.com\/wp-content\/uploads\/2023\/11\/IDM-Cobe-34-\u00a9ArminHuber_HQ-0964-300x200.jpg 300w, https:\/\/www.tanovinum.com\/wp-content\/uploads\/2023\/11\/IDM-Cobe-34-\u00a9ArminHuber_HQ-0964-768x512.jpg 768w\" sizes=\"(max-width: 800px) 100vw, 800px\" \/>\t\t\t\t\t\t\t\t\t\t\t\t\t\t\t<\/div>\n\t\t\t\t<\/div>\n\t\t<div class=\"elementor-element elementor-element-104b50a e-con-full w-40 e-flex e-con e-child\" data-id=\"104b50a\" data-element_type=\"container\" data-settings=\"{&quot;content_width&quot;:&quot;full&quot;,&quot;container_type&quot;:&quot;flex&quot;}\">\n\t\t\t\t<div class=\"elementor-element elementor-element-bb562d7 elementor-widget elementor-widget-text-editor\" data-id=\"bb562d7\" data-element_type=\"widget\" data-widget_type=\"text-editor.default\">\n\t\t\t\t<div class=\"elementor-widget-container\">\n\t\t\t\t\t\t\t<p>Da bravi vignaioli, prediligiamo i prodotti freschi di stagione della nostra fattoria e delle altre realt\u00e0 agricole della zona. Come ospite, anche tu avrai la possibilit\u00e0 di gustare le bont\u00e0 dalla nostra dispensa\u2026 approfittane!<\/p>\t\t\t\t\t\t<\/div>\n\t\t\t\t<\/div>\n\t\t\t\t<\/div>\n\t\t\t\t<\/div>\n\t\t<div class=\"elementor-element elementor-element-3a517ad e-con-full c-inner w-80 e-flex e-con e-child\" data-id=\"3a517ad\" data-element_type=\"container\" data-settings=\"{&quot;content_width&quot;:&quot;full&quot;,&quot;container_type&quot;:&quot;flex&quot;}\">\n\t\t\t\t<div class=\"elementor-element elementor-element-0eba598 elementor-widget elementor-widget-image\" data-id=\"0eba598\" data-element_type=\"widget\" data-widget_type=\"image.default\">\n\t\t\t\t<div class=\"elementor-widget-container\">\n\t\t\t\t\t\t\t\t\t\t\t\t\t\t\t<img loading=\"lazy\" decoding=\"async\" width=\"800\" height=\"533\" src=\"https:\/\/www.tanovinum.com\/wp-content\/uploads\/2023\/11\/hoc00002hawi.jpg\" class=\"attachment-large size-large wp-image-409\" alt=\"\" srcset=\"https:\/\/www.tanovinum.com\/wp-content\/uploads\/2023\/11\/hoc00002hawi.jpg 900w, https:\/\/www.tanovinum.com\/wp-content\/uploads\/2023\/11\/hoc00002hawi-300x200.jpg 300w, https:\/\/www.tanovinum.com\/wp-content\/uploads\/2023\/11\/hoc00002hawi-768x512.jpg 768w\" sizes=\"(max-width: 800px) 100vw, 800px\" \/>\t\t\t\t\t\t\t\t\t\t\t\t\t\t\t<\/div>\n\t\t\t\t<\/div>\n\t\t<div class=\"elementor-element elementor-element-20964c2 e-con-full w-40 e-flex e-con e-child\" data-id=\"20964c2\" data-element_type=\"container\" data-settings=\"{&quot;content_width&quot;:&quot;full&quot;,&quot;container_type&quot;:&quot;flex&quot;}\">\n\t\t\t\t<div class=\"elementor-element elementor-element-f484fbb elementor-widget elementor-widget-text-editor\" data-id=\"f484fbb\" data-element_type=\"widget\" data-widget_type=\"text-editor.default\">\n\t\t\t\t<div class=\"elementor-widget-container\">\n\t\t\t\t\t\t\t<p>L\u2019acqua del rubinetto che trovate qui da Tanovinum \u00e8 non solo potabile, ma anche di ottima qualit\u00e0. Questo ci permette di rinunciare facilmente alle bottiglie di plastica.<\/p>\n\t\t\t\t\t\t<\/div>\n\t\t\t\t<\/div>\n\t\t\t\t<\/div>\n\t\t\t\t<\/div>\n\t\t<div class=\"elementor-element elementor-element-d799a18 e-con-full c-inner w-80 e-flex e-con e-child\" data-id=\"d799a18\" data-element_type=\"container\" data-settings=\"{&quot;content_width&quot;:&quot;full&quot;,&quot;container_type&quot;:&quot;flex&quot;}\">\n\t\t\t\t<div class=\"elementor-element elementor-element-8a1d026 elementor-widget elementor-widget-image\" data-id=\"8a1d026\" data-element_type=\"widget\" data-widget_type=\"image.default\">\n\t\t\t\t<div class=\"elementor-widget-container\">\n\t\t\t\t\t\t\t\t\t\t\t\t\t\t\t<img loading=\"lazy\" decoding=\"async\" width=\"800\" height=\"573\" src=\"https:\/\/www.tanovinum.com\/wp-content\/uploads\/2023\/11\/oznaczenia_pojemnikow_na_smieci_alda.png.jpg\" class=\"attachment-large size-large wp-image-410\" alt=\"\" srcset=\"https:\/\/www.tanovinum.com\/wp-content\/uploads\/2023\/11\/oznaczenia_pojemnikow_na_smieci_alda.png.jpg 1024w, https:\/\/www.tanovinum.com\/wp-content\/uploads\/2023\/11\/oznaczenia_pojemnikow_na_smieci_alda.png-300x215.jpg 300w, https:\/\/www.tanovinum.com\/wp-content\/uploads\/2023\/11\/oznaczenia_pojemnikow_na_smieci_alda.png-768x551.jpg 768w\" sizes=\"(max-width: 800px) 100vw, 800px\" \/>\t\t\t\t\t\t\t\t\t\t\t\t\t\t\t<\/div>\n\t\t\t\t<\/div>\n\t\t<div class=\"elementor-element elementor-element-7774965 e-con-full w-40 e-flex e-con e-child\" data-id=\"7774965\" data-element_type=\"container\" data-settings=\"{&quot;content_width&quot;:&quot;full&quot;,&quot;container_type&quot;:&quot;flex&quot;}\">\n\t\t\t\t<div class=\"elementor-element elementor-element-6bd3f92 elementor-widget elementor-widget-text-editor\" data-id=\"6bd3f92\" data-element_type=\"widget\" data-widget_type=\"text-editor.default\">\n\t\t\t\t<div class=\"elementor-widget-container\">\n\t\t\t\t\t\t\t<p>Facciamo grande attenzione anche alla corretta separazione dei rifiuti, che raccogliamo in contenitori differenziati.<\/p>\n\t\t\t\t\t\t<\/div>\n\t\t\t\t<\/div>\n\t\t\t\t<\/div>\n\t\t\t\t<\/div>\n\t\t\t\t<\/section>\n\t\t<section class=\"elementor-element elementor-element-5963349 e-con-full c-wrapper sportlich e-flex e-con e-parent\" data-id=\"5963349\" data-element_type=\"container\" data-settings=\"{&quot;content_width&quot;:&quot;full&quot;,&quot;background_background&quot;:&quot;classic&quot;,&quot;container_type&quot;:&quot;flex&quot;}\" data-e-bg-lazyload=\"\" data-core-v316-plus=\"true\">\n\t\t<div class=\"elementor-element elementor-element-75c3d22 e-con-full c-inner e-flex e-con e-child\" data-id=\"75c3d22\" data-element_type=\"container\" data-settings=\"{&quot;content_width&quot;:&quot;full&quot;,&quot;container_type&quot;:&quot;flex&quot;}\">\n\t\t<div class=\"elementor-element elementor-element-f1ca53b e-con-full w-80 e-flex e-con e-child\" data-id=\"f1ca53b\" data-element_type=\"container\" data-settings=\"{&quot;content_width&quot;:&quot;full&quot;,&quot;container_type&quot;:&quot;flex&quot;}\">\n\t\t\t\t<div class=\"elementor-element elementor-element-d17f00a elementor-widget elementor-widget-heading\" data-id=\"d17f00a\" data-element_type=\"widget\" data-widget_type=\"heading.default\">\n\t\t\t\t<div class=\"elementor-widget-container\">\n\t\t\t<h1 class=\"elementor-heading-title elementor-size-default\">Per una mobilit\u00e0 consapevole<\/h1>\t\t<\/div>\n\t\t\t\t<\/div>\n\t\t\t\t<div class=\"elementor-element elementor-element-68e47a4 elementor-widget elementor-widget-text-editor\" data-id=\"68e47a4\" data-element_type=\"widget\" data-widget_type=\"text-editor.default\">\n\t\t\t\t<div class=\"elementor-widget-container\">\n\t\t\t\t\t\t\t<p>Siamo lieti di andare a prendere alla stazione gli ospiti che vengono in treno. Inoltre qui al maso abbiamo una stazione di ricarica per auto e bici elettriche. A proposito&#8230; dell\u2019auto non avrai praticamente bisogno: grazie all\u2019Alto Adige Guest Pass, potrai viaggiare gratuitamente su tutti i mezzi pubblici dell\u2019Alto Adige.<\/p>\n\t\t\t\t\t\t<\/div>\n\t\t\t\t<\/div>\n\t\t\t\t<div class=\"elementor-element elementor-element-938cc82 btn btn-rnd invert elementor-widget elementor-widget-button\" data-id=\"938cc82\" data-element_type=\"widget\" data-widget_type=\"button.default\">\n\t\t\t\t<div class=\"elementor-widget-container\">\n\t\t\t\t\t<div class=\"elementor-button-wrapper\">\n\t\t\t<a class=\"elementor-button elementor-button-link elementor-size-sm\" href=\"https:\/\/www.klausen.it\/it\/pianifica-ora\/guest-pass.html\" target=\"_blank\">\n\t\t\t\t\t\t<span class=\"elementor-button-content-wrapper\">\n\t\t\t\t\t\t<span class=\"elementor-button-text\">al Alto Adige Guest Pass<\/span>\n\t\t<\/span>\n\t\t\t\t\t<\/a>\n\t\t<\/div>\n\t\t\t\t<\/div>\n\t\t\t\t<\/div>\n\t\t\t\t<\/div>\n\t\t\t\t<\/div>\n\t\t\t\t<\/section>\n\t\t\t\t\t\t\t<\/div>\n\t\t","protected":false},"excerpt":{"rendered":"<p>La vacanza che fa bene sia a te che all\u2019ambiente Un\u2019esperienza sostenibile alla nostra tenuta vinicola in Valle Isarco Essendo agricoltori, abbiamo un rapporto molto stretto con la natura che ci circonda e desideriamo fare la nostra parte per tutelare l\u2019ambiente e il clima. Ecco perch\u00e9 al nostro maso facciamo molta attenzione alla sostenibilit\u00e0 in [&hellip;]<\/p>\n","protected":false},"author":1,"featured_media":0,"parent":0,"menu_order":0,"comment_status":"closed","ping_status":"closed","template":"","meta":{"footnotes":""},"yoast_head":"<!-- This site is optimized with the Yoast SEO plugin v21.5 - https:\/\/yoast.com\/wordpress\/plugins\/seo\/ -->\n<title>Appartamenti vacanze in Valle Isarco &gt; Tanovinum, Chiusa<\/title>\n<meta name=\"description\" content=\"Cerchi alloggio in Valle Isarco? Prenota una vacanza sostenibile alla tenuta vinicola Tanovinum, a Chiusa. Una vacanza con amici al miglior prezzo!\" \/>\n<meta name=\"robots\" content=\"index, follow, max-snippet:-1, max-image-preview:large, max-video-preview:-1\" \/>\n<link rel=\"canonical\" href=\"https:\/\/www.tanovinum.com\/it\/nachhaltigkeit\/\" \/>\n<meta property=\"og:locale\" content=\"it_IT\" \/>\n<meta property=\"og:type\" content=\"article\" \/>\n<meta property=\"og:title\" content=\"Appartamenti vacanze in Valle Isarco &gt; Tanovinum, Chiusa\" \/>\n<meta property=\"og:description\" content=\"Cerchi alloggio in Valle Isarco? Prenota una vacanza sostenibile alla tenuta vinicola Tanovinum, a Chiusa. Una vacanza con amici al miglior prezzo!\" \/>\n<meta property=\"og:url\" content=\"https:\/\/www.tanovinum.com\/it\/nachhaltigkeit\/\" \/>\n<meta property=\"og:site_name\" content=\"Tan\u00f6tscherhof\" \/>\n<meta property=\"article:modified_time\" content=\"2023-12-17T21:34:33+00:00\" \/>\n<meta property=\"og:image\" content=\"https:\/\/www.tanovinum.com\/wp-content\/uploads\/2023\/11\/iStock-1247794854_klein-1024x681.jpg\" \/>\n<meta name=\"twitter:card\" content=\"summary_large_image\" \/>\n<meta name=\"twitter:label1\" content=\"Tempo di lettura stimato\" \/>\n\t<meta name=\"twitter:data1\" content=\"3 minuti\" \/>\n<script type=\"application\/ld+json\" class=\"yoast-schema-graph\">{\"@context\":\"https:\/\/schema.org\",\"@graph\":[{\"@type\":\"WebPage\",\"@id\":\"https:\/\/www.tanovinum.com\/it\/nachhaltigkeit\/\",\"url\":\"https:\/\/www.tanovinum.com\/it\/nachhaltigkeit\/\",\"name\":\"Appartamenti vacanze in Valle Isarco > Tanovinum, Chiusa\",\"isPartOf\":{\"@id\":\"https:\/\/www.tanovinum.com\/it\/#website\"},\"datePublished\":\"2023-11-30T08:19:23+00:00\",\"dateModified\":\"2023-12-17T21:34:33+00:00\",\"description\":\"Cerchi alloggio in Valle Isarco? Prenota una vacanza sostenibile alla tenuta vinicola Tanovinum, a Chiusa. Una vacanza con amici al miglior prezzo!\",\"breadcrumb\":{\"@id\":\"https:\/\/www.tanovinum.com\/it\/nachhaltigkeit\/#breadcrumb\"},\"inLanguage\":\"it-IT\",\"potentialAction\":[{\"@type\":\"ReadAction\",\"target\":[\"https:\/\/www.tanovinum.com\/it\/nachhaltigkeit\/\"]}]},{\"@type\":\"BreadcrumbList\",\"@id\":\"https:\/\/www.tanovinum.com\/it\/nachhaltigkeit\/#breadcrumb\",\"itemListElement\":[{\"@type\":\"ListItem\",\"position\":1,\"name\":\"Startseite\",\"item\":\"https:\/\/www.tanovinum.com\/it\/\"},{\"@type\":\"ListItem\",\"position\":2,\"name\":\"Appartamenti vacanze in Valle Isarco > Tanovinum, Chiusa\"}]},{\"@type\":\"WebSite\",\"@id\":\"https:\/\/www.tanovinum.com\/it\/#website\",\"url\":\"https:\/\/www.tanovinum.com\/it\/\",\"name\":\"Tan\u00f6tscherhof\",\"description\":\"\",\"publisher\":{\"@id\":\"https:\/\/www.tanovinum.com\/it\/#organization\"},\"potentialAction\":[{\"@type\":\"SearchAction\",\"target\":{\"@type\":\"EntryPoint\",\"urlTemplate\":\"https:\/\/www.tanovinum.com\/it\/?s={search_term_string}\"},\"query-input\":\"required name=search_term_string\"}],\"inLanguage\":\"it-IT\"},{\"@type\":\"Organization\",\"@id\":\"https:\/\/www.tanovinum.com\/it\/#organization\",\"name\":\"Tan\u00f6tscherhof\",\"url\":\"https:\/\/www.tanovinum.com\/it\/\",\"logo\":{\"@type\":\"ImageObject\",\"inLanguage\":\"it-IT\",\"@id\":\"https:\/\/www.tanovinum.com\/it\/#\/schema\/logo\/image\/\",\"url\":\"https:\/\/www.tanovinum.com\/wp-content\/uploads\/2023\/11\/Gruppe-35.svg\",\"contentUrl\":\"https:\/\/www.tanovinum.com\/wp-content\/uploads\/2023\/11\/Gruppe-35.svg\",\"width\":396,\"height\":272,\"caption\":\"Tan\u00f6tscherhof\"},\"image\":{\"@id\":\"https:\/\/www.tanovinum.com\/it\/#\/schema\/logo\/image\/\"}}]}<\/script>\n<!-- \/ Yoast SEO plugin. -->","yoast_head_json":{"title":"Appartamenti vacanze in Valle Isarco > Tanovinum, Chiusa","description":"Cerchi alloggio in Valle Isarco? Prenota una vacanza sostenibile alla tenuta vinicola Tanovinum, a Chiusa. Una vacanza con amici al miglior prezzo!","robots":{"index":"index","follow":"follow","max-snippet":"max-snippet:-1","max-image-preview":"max-image-preview:large","max-video-preview":"max-video-preview:-1"},"canonical":"https:\/\/www.tanovinum.com\/it\/nachhaltigkeit\/","og_locale":"it_IT","og_type":"article","og_title":"Appartamenti vacanze in Valle Isarco > Tanovinum, Chiusa","og_description":"Cerchi alloggio in Valle Isarco? Prenota una vacanza sostenibile alla tenuta vinicola Tanovinum, a Chiusa. Una vacanza con amici al miglior prezzo!","og_url":"https:\/\/www.tanovinum.com\/it\/nachhaltigkeit\/","og_site_name":"Tan\u00f6tscherhof","article_modified_time":"2023-12-17T21:34:33+00:00","og_image":[{"url":"https:\/\/www.tanovinum.com\/wp-content\/uploads\/2023\/11\/iStock-1247794854_klein-1024x681.jpg"}],"twitter_card":"summary_large_image","twitter_misc":{"Tempo di lettura stimato":"3 minuti"},"schema":{"@context":"https:\/\/schema.org","@graph":[{"@type":"WebPage","@id":"https:\/\/www.tanovinum.com\/it\/nachhaltigkeit\/","url":"https:\/\/www.tanovinum.com\/it\/nachhaltigkeit\/","name":"Appartamenti vacanze in Valle Isarco > Tanovinum, Chiusa","isPartOf":{"@id":"https:\/\/www.tanovinum.com\/it\/#website"},"datePublished":"2023-11-30T08:19:23+00:00","dateModified":"2023-12-17T21:34:33+00:00","description":"Cerchi alloggio in Valle Isarco? Prenota una vacanza sostenibile alla tenuta vinicola Tanovinum, a Chiusa. Una vacanza con amici al miglior prezzo!","breadcrumb":{"@id":"https:\/\/www.tanovinum.com\/it\/nachhaltigkeit\/#breadcrumb"},"inLanguage":"it-IT","potentialAction":[{"@type":"ReadAction","target":["https:\/\/www.tanovinum.com\/it\/nachhaltigkeit\/"]}]},{"@type":"BreadcrumbList","@id":"https:\/\/www.tanovinum.com\/it\/nachhaltigkeit\/#breadcrumb","itemListElement":[{"@type":"ListItem","position":1,"name":"Startseite","item":"https:\/\/www.tanovinum.com\/it\/"},{"@type":"ListItem","position":2,"name":"Appartamenti vacanze in Valle Isarco > Tanovinum, Chiusa"}]},{"@type":"WebSite","@id":"https:\/\/www.tanovinum.com\/it\/#website","url":"https:\/\/www.tanovinum.com\/it\/","name":"Tan\u00f6tscherhof","description":"","publisher":{"@id":"https:\/\/www.tanovinum.com\/it\/#organization"},"potentialAction":[{"@type":"SearchAction","target":{"@type":"EntryPoint","urlTemplate":"https:\/\/www.tanovinum.com\/it\/?s={search_term_string}"},"query-input":"required name=search_term_string"}],"inLanguage":"it-IT"},{"@type":"Organization","@id":"https:\/\/www.tanovinum.com\/it\/#organization","name":"Tan\u00f6tscherhof","url":"https:\/\/www.tanovinum.com\/it\/","logo":{"@type":"ImageObject","inLanguage":"it-IT","@id":"https:\/\/www.tanovinum.com\/it\/#\/schema\/logo\/image\/","url":"https:\/\/www.tanovinum.com\/wp-content\/uploads\/2023\/11\/Gruppe-35.svg","contentUrl":"https:\/\/www.tanovinum.com\/wp-content\/uploads\/2023\/11\/Gruppe-35.svg","width":396,"height":272,"caption":"Tan\u00f6tscherhof"},"image":{"@id":"https:\/\/www.tanovinum.com\/it\/#\/schema\/logo\/image\/"}}]}},"_links":{"self":[{"href":"https:\/\/www.tanovinum.com\/it\/wp-json\/wp\/v2\/pages\/1387"}],"collection":[{"href":"https:\/\/www.tanovinum.com\/it\/wp-json\/wp\/v2\/pages"}],"about":[{"href":"https:\/\/www.tanovinum.com\/it\/wp-json\/wp\/v2\/types\/page"}],"author":[{"embeddable":true,"href":"https:\/\/www.tanovinum.com\/it\/wp-json\/wp\/v2\/users\/1"}],"replies":[{"embeddable":true,"href":"https:\/\/www.tanovinum.com\/it\/wp-json\/wp\/v2\/comments?post=1387"}],"version-history":[{"count":5,"href":"https:\/\/www.tanovinum.com\/it\/wp-json\/wp\/v2\/pages\/1387\/revisions"}],"predecessor-version":[{"id":1588,"href":"https:\/\/www.tanovinum.com\/it\/wp-json\/wp\/v2\/pages\/1387\/revisions\/1588"}],"wp:attachment":[{"href":"https:\/\/www.tanovinum.com\/it\/wp-json\/wp\/v2\/media?parent=1387"}],"curies":[{"name":"wp","href":"https:\/\/api.w.org\/{rel}","templated":true}]}}