{"id":1379,"date":"2023-12-02T09:26:38","date_gmt":"2023-12-02T09:26:38","guid":{"rendered":"https:\/\/www.tanovinum.com\/impressum\/"},"modified":"2024-10-10T06:53:56","modified_gmt":"2024-10-10T06:53:56","slug":"impressum","status":"publish","type":"page","link":"https:\/\/www.tanovinum.com\/it\/impressum\/","title":{"rendered":"Impressum"},"content":{"rendered":"\t\t<div data-elementor-type=\"wp-page\" data-elementor-id=\"1379\" class=\"elementor elementor-1379 elementor-694\" data-elementor-post-type=\"page\">\n\t\t\t\t\t\t\t<div class=\"elementor-element elementor-element-c55f7d1 e-con-full e-flex e-con e-parent\" data-id=\"c55f7d1\" data-element_type=\"container\" data-settings=\"{&quot;content_width&quot;:&quot;full&quot;,&quot;background_background&quot;:&quot;slideshow&quot;,&quot;background_slideshow_gallery&quot;:[{&quot;id&quot;:412,&quot;url&quot;:&quot;https:\\\/\\\/www.tanovinum.com\\\/wp-content\\\/uploads\\\/2023\\\/11\\\/idm07173hawi.jpg&quot;},{&quot;id&quot;:342,&quot;url&quot;:&quot;https:\\\/\\\/www.tanovinum.com\\\/wp-content\\\/uploads\\\/2023\\\/11\\\/idm07416hawi.png&quot;},{&quot;id&quot;:91,&quot;url&quot;:&quot;https:\\\/\\\/www.tanovinum.com\\\/wp-content\\\/uploads\\\/2023\\\/11\\\/IDM-Suedtirol-Harals-Wisthaler-10-scaled.jpg&quot;}],&quot;container_type&quot;:&quot;flex&quot;,&quot;background_slideshow_loop&quot;:&quot;yes&quot;,&quot;background_slideshow_slide_duration&quot;:5000,&quot;background_slideshow_slide_transition&quot;:&quot;fade&quot;,&quot;background_slideshow_transition_duration&quot;:500}\" data-core-v316-plus=\"true\">\n\t\t\t\t<\/div>\n\t\t<section class=\"elementor-element elementor-element-861dfac e-con-full c-wrapper e-flex e-con e-parent\" data-id=\"861dfac\" data-element_type=\"container\" data-settings=\"{&quot;content_width&quot;:&quot;full&quot;,&quot;container_type&quot;:&quot;flex&quot;}\" data-core-v316-plus=\"true\">\n\t\t<div class=\"elementor-element elementor-element-b937963 e-con-full c-inner e-flex e-con e-child\" data-id=\"b937963\" data-element_type=\"container\" data-settings=\"{&quot;content_width&quot;:&quot;full&quot;,&quot;container_type&quot;:&quot;flex&quot;}\">\n\t\t<div class=\"elementor-element elementor-element-7283456 e-con-full w-80 e-flex e-con e-child\" data-id=\"7283456\" data-element_type=\"container\" data-settings=\"{&quot;content_width&quot;:&quot;full&quot;,&quot;container_type&quot;:&quot;flex&quot;}\">\n\t\t\t\t<div class=\"elementor-element elementor-element-05bf478 elementor-widget elementor-widget-heading\" data-id=\"05bf478\" data-element_type=\"widget\" data-widget_type=\"heading.default\">\n\t\t\t\t<div class=\"elementor-widget-container\">\n\t\t\t<style>\/*! elementor - v3.17.0 - 08-11-2023 *\/\n.elementor-heading-title{padding:0;margin:0;line-height:1}.elementor-widget-heading .elementor-heading-title[class*=elementor-size-]>a{color:inherit;font-size:inherit;line-height:inherit}.elementor-widget-heading .elementor-heading-title.elementor-size-small{font-size:15px}.elementor-widget-heading .elementor-heading-title.elementor-size-medium{font-size:19px}.elementor-widget-heading .elementor-heading-title.elementor-size-large{font-size:29px}.elementor-widget-heading .elementor-heading-title.elementor-size-xl{font-size:39px}.elementor-widget-heading .elementor-heading-title.elementor-size-xxl{font-size:59px}<\/style><h1 class=\"elementor-heading-title elementor-size-default\">Impressum<\/h1>\t\t<\/div>\n\t\t\t\t<\/div>\n\t\t\t\t<div class=\"elementor-element elementor-element-5b92cb7 elementor-widget elementor-widget-text-editor\" data-id=\"5b92cb7\" data-element_type=\"widget\" data-widget_type=\"text-editor.default\">\n\t\t\t\t<div class=\"elementor-widget-container\">\n\t\t\t<style>\/*! elementor - v3.17.0 - 08-11-2023 *\/\n.elementor-widget-text-editor.elementor-drop-cap-view-stacked .elementor-drop-cap{background-color:#69727d;color:#fff}.elementor-widget-text-editor.elementor-drop-cap-view-framed .elementor-drop-cap{color:#69727d;border:3px solid;background-color:transparent}.elementor-widget-text-editor:not(.elementor-drop-cap-view-default) .elementor-drop-cap{margin-top:8px}.elementor-widget-text-editor:not(.elementor-drop-cap-view-default) .elementor-drop-cap-letter{width:1em;height:1em}.elementor-widget-text-editor .elementor-drop-cap{float:left;text-align:center;line-height:1;font-size:50px}.elementor-widget-text-editor .elementor-drop-cap-letter{display:inline-block}<\/style>\t\t\t\t<p><strong>Tanovinum<\/strong><br \/>San. Valentino 35<br \/>I-39040 Villandro (BZ)<br \/><span style=\"text-decoration: underline;\"><a href=\"tel:+39 3357055080\">+39 3357055080<\/a><\/span><br \/><span style=\"text-decoration: underline;\"><a href=\"mailto:info@tanovinum.com\">info@tanovinum.com<\/a><br \/><\/span><a href=\"http:\/\/www.tanovinum.com\">www.tanovinum.com<\/a><\/p><p>Codice Destinatario: \u00a0T9K4ZHO<br \/>CIN:IT021114A1WWNG3ONF<br \/><br \/>P. IVA IT02615980212<br \/>Cod. Fisc. RBNHLD78P11B160C<\/p><p>Camera di commercio: Bolzano<br \/>Numero iscrizione camera di commercio: BZ-191587<br \/>Numero REA: T9K4ZHO<br \/>Legale rappresentante: Rabensteiner Harald<\/p><p><strong>Copyright per le immagini e grafiche utilizzate:<\/strong><\/p><ul><li>IDM S\u00fcdtirol-Alto Adige\/Manuel Ferrigato<\/li><li>IDM S\u00fcdtirol-Alto Adige\/Patrick Schwienbacher<\/li><li>IDM S\u00fcdtirol-Alto Adige\/Luca Guadagnini<\/li><li>IDM S\u00fcdtirol-Alto Adige\/Harald Wisthaler<\/li><li>IDM S\u00fcdtirol-Alto Adige\/Frieder Blickle<\/li><li>IDM S\u00fcdtirol-Alto Adige\/Andreas Mierswa<\/li><li>IDM S\u00fcdtirol-Alto Adige\/Armin Terzer<\/li><li><div class=\"x_elementToProof\">IDM S\u00fcdtirol-Alto Adige\/Christian Brecheis<\/div><\/li><li><div class=\"x_elementToProof\">IDM S\u00fcdtirol-Alto Adige\/Patrick Schwienbacher<\/div><\/li><li><div class=\"x_elementToProof\">IDM S\u00fcdtirol-Alto Adige\/Marion Lafogler<\/div><\/li><li>Tobias_Kaser<\/li><li>Helmuth Rier<\/li><li>Rene Gruber<\/li><li>Thomas R\u00f6tting<\/li><li>Wolfgang Gafriller<\/li><\/ul><p>\u00a0<\/p><p><strong>Risoluzione delle controversie\u00a0<\/strong><br \/>Informazioni obbligatorie ai sensi del Regolamento UE n. 524\/2013 del Parlamento e Consiglio europeo. Piattaforma per la risoluzione online delle controversie (ODR) della Commissione europea:<br \/><a href=\"https:\/\/ec.europa.eu\/consumers\/odr\/main\/?event=main.trader.register\" target=\"_blank\" rel=\"noopener\">https:\/\/ec.europa.eu\/consumers\/odr\/main\/?event=main.trader.register<\/a><\/p><p><strong>Concetto e realizzazione<\/strong><br \/>muwit d. sandra stablum<br \/>Citt\u00e1 Alta 60<br \/>39043 Chiusa<br \/>Tel.<span style=\"text-decoration: underline;\"> <a href=\"tel:+39 347 1330206\">+39 347 1330206<\/a><\/span><br \/>MwSt. Nr. IT02730810211<br \/>St. Nr. STB SDR 88 A44 B160 S<br \/><span style=\"text-decoration: underline;\"><a href=\"mailto:info@muwit.it\">info@muwit.it<\/a><\/span><br \/><span style=\"text-decoration: underline;\"><a href=\"www.muwit.it\" target=\"_blank\" rel=\"noopener\">www.muwit.it<\/a><\/span><\/p><p><strong>Responsabile per il contenuto:<\/strong><br \/>Rabensteiner Harald<\/p><p><strong>Dichiarazione liberatoria:<br \/>Rabensteiner Harald<\/strong><\/p><p>I contenuti delle nostre pagine sono stati redatti, elaborati e controllati scrupolosamente. Tuttavia, non ci assumiamo nessuna responsabilit\u00e0 per la correttezza, qualit\u00e0, completezza e attualit\u00e0 dei contenuti, poich\u00e9 non \u00e8 da escludere che siano cambiati nel tempo. Come prestatori di servizi siamo responsabili per i contenuti di queste pagine in base alla normativa vigente. Nella nostra qualit\u00e0 di prestatori di servizi non siamo per\u00f2 obbligati a controllare l\u2019esattezza di informazioni ricevute o salvate da terzi, o a controllare se sussistano irregolarit\u00e0 che indichino un\u2019attivit\u00e0 illegale. L\u2019obbligo di rimuovere o bloccare l\u2019utilizzo di informazioni secondo la normativa vigente rimane valido. L\u2019assunzione di tale responsabilit\u00e0 \u00e8 tuttavia possibile solamente dopo il momento dell\u2019effettivo riconoscimento da parte nostra di una concreta violazione di diritto. Alla presa d\u2019atto di tali violazioni di legge provvederemo immediatamente alla rimozione dei contenuti in questione.<br \/>Si escludono di principio le rivendicazioni di responsabilit\u00e0 di qualsiasi tipo causate dall\u2019utilizzo di informazioni messe a disposizione, oppure da informazioni errate e\/o incomplete.<\/p><p><strong>Responsabilit\u00e0 per i link<\/strong><\/p><p>La nostra offerta contiene dei collegamenti ipertestuali con siti web esterni di terzi, sui cui contenuti non possiamo influire. Per questo motivo non forniamo nessuna garanzia sui contenuti dei siti web linkati, indipendentemente dal tipo e dalla natura. Ne \u00e8 responsabile solamente il relativo proprietario o gestore del sito. Un controllo permanente dei contenuti dei siti linkati al presente non \u00e8 fattibile senza concreti punti di riferimento. All\u2019avvenuta conoscenza d\u2019infrazioni contro la legge causate dai siti web linkati, i link in questione saranno subito rimossi.<\/p><p><strong>Copyright<\/strong><\/p><p>Tutti i contenuti e le opere creati dal web designer e dai gestori del sito sono protetti da copyright. La riproduzione, l\u2019alterazione, la distribuzione e qualsiasi forma di utilizzo, soprattutto per scopi commerciali, al di fuori dei limiti del diritto d\u2019autore, sono severamente vietate e ammesse esclusivamente previa autorizzazione scritta del relativo autore o creatore. Nel caso i contenuti di questa pagina non siano stati creati dal gestore, sono da rispettare i diritti di copyright di terzi. I contenuti redatti da terzi sono contrassegnati come tali. In caso doveste notare una violazione del copyright, vi preghiamo gentilmente di farci pervenire un\u2019apposita segnalazione. All\u2019atto di presa di conoscenza di tali violazioni di legge, i contenuti in questione saranno naturalmente rimossi subito, senza per\u00f2 assumerne nessuna responsabilit\u00e0.<\/p>\t\t\t\t\t\t<\/div>\n\t\t\t\t<\/div>\n\t\t\t\t<\/div>\n\t\t\t\t<\/div>\n\t\t\t\t<\/section>\n\t\t\t\t\t\t\t<\/div>\n\t\t","protected":false},"excerpt":{"rendered":"<p>Impressum TanovinumSan. Valentino 35I-39040 Villandro (BZ)+39 3357055080info@tanovinum.comwww.tanovinum.com Codice Destinatario: \u00a0T9K4ZHOCIN:IT021114A1WWNG3ONF P. IVA IT02615980212Cod. Fisc. RBNHLD78P11B160C Camera di commercio: BolzanoNumero iscrizione camera di commercio: BZ-191587Numero REA: T9K4ZHOLegale rappresentante: Rabensteiner Harald Copyright per le immagini e grafiche utilizzate: IDM S\u00fcdtirol-Alto Adige\/Manuel Ferrigato IDM S\u00fcdtirol-Alto Adige\/Patrick Schwienbacher IDM S\u00fcdtirol-Alto Adige\/Luca Guadagnini IDM S\u00fcdtirol-Alto Adige\/Harald Wisthaler IDM S\u00fcdtirol-Alto Adige\/Frieder [&hellip;]<\/p>\n","protected":false},"author":1,"featured_media":0,"parent":0,"menu_order":0,"comment_status":"closed","ping_status":"closed","template":"","meta":{"footnotes":""},"yoast_head":"<!-- This site is optimized with the Yoast SEO plugin v21.5 - https:\/\/yoast.com\/wordpress\/plugins\/seo\/ -->\n<title>Impressum<\/title>\n<meta name=\"description\" content=\"Impressum\" \/>\n<meta name=\"robots\" content=\"index, follow, max-snippet:-1, max-image-preview:large, max-video-preview:-1\" \/>\n<link rel=\"canonical\" href=\"https:\/\/www.tanovinum.com\/it\/impressum\/\" \/>\n<meta property=\"og:locale\" content=\"it_IT\" \/>\n<meta property=\"og:type\" content=\"article\" \/>\n<meta property=\"og:title\" content=\"Impressum\" \/>\n<meta property=\"og:description\" content=\"Impressum\" \/>\n<meta property=\"og:url\" content=\"https:\/\/www.tanovinum.com\/it\/impressum\/\" \/>\n<meta property=\"og:site_name\" content=\"Tan\u00f6tscherhof\" \/>\n<meta property=\"article:modified_time\" content=\"2024-10-10T06:53:56+00:00\" \/>\n<meta name=\"twitter:card\" content=\"summary_large_image\" \/>\n<meta name=\"twitter:label1\" content=\"Tempo di lettura stimato\" \/>\n\t<meta name=\"twitter:data1\" content=\"3 minuti\" \/>\n<script type=\"application\/ld+json\" class=\"yoast-schema-graph\">{\"@context\":\"https:\/\/schema.org\",\"@graph\":[{\"@type\":\"WebPage\",\"@id\":\"https:\/\/www.tanovinum.com\/it\/impressum\/\",\"url\":\"https:\/\/www.tanovinum.com\/it\/impressum\/\",\"name\":\"Impressum\",\"isPartOf\":{\"@id\":\"https:\/\/www.tanovinum.com\/it\/#website\"},\"datePublished\":\"2023-12-02T09:26:38+00:00\",\"dateModified\":\"2024-10-10T06:53:56+00:00\",\"description\":\"Impressum\",\"breadcrumb\":{\"@id\":\"https:\/\/www.tanovinum.com\/it\/impressum\/#breadcrumb\"},\"inLanguage\":\"it-IT\",\"potentialAction\":[{\"@type\":\"ReadAction\",\"target\":[\"https:\/\/www.tanovinum.com\/it\/impressum\/\"]}]},{\"@type\":\"BreadcrumbList\",\"@id\":\"https:\/\/www.tanovinum.com\/it\/impressum\/#breadcrumb\",\"itemListElement\":[{\"@type\":\"ListItem\",\"position\":1,\"name\":\"Startseite\",\"item\":\"https:\/\/www.tanovinum.com\/it\/\"},{\"@type\":\"ListItem\",\"position\":2,\"name\":\"Impressum\"}]},{\"@type\":\"WebSite\",\"@id\":\"https:\/\/www.tanovinum.com\/it\/#website\",\"url\":\"https:\/\/www.tanovinum.com\/it\/\",\"name\":\"Tan\u00f6tscherhof\",\"description\":\"\",\"publisher\":{\"@id\":\"https:\/\/www.tanovinum.com\/it\/#organization\"},\"potentialAction\":[{\"@type\":\"SearchAction\",\"target\":{\"@type\":\"EntryPoint\",\"urlTemplate\":\"https:\/\/www.tanovinum.com\/it\/?s={search_term_string}\"},\"query-input\":\"required name=search_term_string\"}],\"inLanguage\":\"it-IT\"},{\"@type\":\"Organization\",\"@id\":\"https:\/\/www.tanovinum.com\/it\/#organization\",\"name\":\"Tan\u00f6tscherhof\",\"url\":\"https:\/\/www.tanovinum.com\/it\/\",\"logo\":{\"@type\":\"ImageObject\",\"inLanguage\":\"it-IT\",\"@id\":\"https:\/\/www.tanovinum.com\/it\/#\/schema\/logo\/image\/\",\"url\":\"https:\/\/www.tanovinum.com\/wp-content\/uploads\/2023\/11\/Gruppe-35.svg\",\"contentUrl\":\"https:\/\/www.tanovinum.com\/wp-content\/uploads\/2023\/11\/Gruppe-35.svg\",\"width\":396,\"height\":272,\"caption\":\"Tan\u00f6tscherhof\"},\"image\":{\"@id\":\"https:\/\/www.tanovinum.com\/it\/#\/schema\/logo\/image\/\"}}]}<\/script>\n<!-- \/ Yoast SEO plugin. -->","yoast_head_json":{"title":"Impressum","description":"Impressum","robots":{"index":"index","follow":"follow","max-snippet":"max-snippet:-1","max-image-preview":"max-image-preview:large","max-video-preview":"max-video-preview:-1"},"canonical":"https:\/\/www.tanovinum.com\/it\/impressum\/","og_locale":"it_IT","og_type":"article","og_title":"Impressum","og_description":"Impressum","og_url":"https:\/\/www.tanovinum.com\/it\/impressum\/","og_site_name":"Tan\u00f6tscherhof","article_modified_time":"2024-10-10T06:53:56+00:00","twitter_card":"summary_large_image","twitter_misc":{"Tempo di lettura stimato":"3 minuti"},"schema":{"@context":"https:\/\/schema.org","@graph":[{"@type":"WebPage","@id":"https:\/\/www.tanovinum.com\/it\/impressum\/","url":"https:\/\/www.tanovinum.com\/it\/impressum\/","name":"Impressum","isPartOf":{"@id":"https:\/\/www.tanovinum.com\/it\/#website"},"datePublished":"2023-12-02T09:26:38+00:00","dateModified":"2024-10-10T06:53:56+00:00","description":"Impressum","breadcrumb":{"@id":"https:\/\/www.tanovinum.com\/it\/impressum\/#breadcrumb"},"inLanguage":"it-IT","potentialAction":[{"@type":"ReadAction","target":["https:\/\/www.tanovinum.com\/it\/impressum\/"]}]},{"@type":"BreadcrumbList","@id":"https:\/\/www.tanovinum.com\/it\/impressum\/#breadcrumb","itemListElement":[{"@type":"ListItem","position":1,"name":"Startseite","item":"https:\/\/www.tanovinum.com\/it\/"},{"@type":"ListItem","position":2,"name":"Impressum"}]},{"@type":"WebSite","@id":"https:\/\/www.tanovinum.com\/it\/#website","url":"https:\/\/www.tanovinum.com\/it\/","name":"Tan\u00f6tscherhof","description":"","publisher":{"@id":"https:\/\/www.tanovinum.com\/it\/#organization"},"potentialAction":[{"@type":"SearchAction","target":{"@type":"EntryPoint","urlTemplate":"https:\/\/www.tanovinum.com\/it\/?s={search_term_string}"},"query-input":"required name=search_term_string"}],"inLanguage":"it-IT"},{"@type":"Organization","@id":"https:\/\/www.tanovinum.com\/it\/#organization","name":"Tan\u00f6tscherhof","url":"https:\/\/www.tanovinum.com\/it\/","logo":{"@type":"ImageObject","inLanguage":"it-IT","@id":"https:\/\/www.tanovinum.com\/it\/#\/schema\/logo\/image\/","url":"https:\/\/www.tanovinum.com\/wp-content\/uploads\/2023\/11\/Gruppe-35.svg","contentUrl":"https:\/\/www.tanovinum.com\/wp-content\/uploads\/2023\/11\/Gruppe-35.svg","width":396,"height":272,"caption":"Tan\u00f6tscherhof"},"image":{"@id":"https:\/\/www.tanovinum.com\/it\/#\/schema\/logo\/image\/"}}]}},"_links":{"self":[{"href":"https:\/\/www.tanovinum.com\/it\/wp-json\/wp\/v2\/pages\/1379"}],"collection":[{"href":"https:\/\/www.tanovinum.com\/it\/wp-json\/wp\/v2\/pages"}],"about":[{"href":"https:\/\/www.tanovinum.com\/it\/wp-json\/wp\/v2\/types\/page"}],"author":[{"embeddable":true,"href":"https:\/\/www.tanovinum.com\/it\/wp-json\/wp\/v2\/users\/1"}],"replies":[{"embeddable":true,"href":"https:\/\/www.tanovinum.com\/it\/wp-json\/wp\/v2\/comments?post=1379"}],"version-history":[{"count":12,"href":"https:\/\/www.tanovinum.com\/it\/wp-json\/wp\/v2\/pages\/1379\/revisions"}],"predecessor-version":[{"id":2738,"href":"https:\/\/www.tanovinum.com\/it\/wp-json\/wp\/v2\/pages\/1379\/revisions\/2738"}],"wp:attachment":[{"href":"https:\/\/www.tanovinum.com\/it\/wp-json\/wp\/v2\/media?parent=1379"}],"curies":[{"name":"wp","href":"https:\/\/api.w.org\/{rel}","templated":true}]}}